{"id":18,"date":"2026-03-12T04:40:15","date_gmt":"2026-03-12T07:40:15","guid":{"rendered":"http:\/\/roosis-sistemas.local\/ia-kanban\/acompanhe-sua-obra\/"},"modified":"2026-03-17T17:34:00","modified_gmt":"2026-03-17T20:34:00","slug":"acompanhe-sua-obra","status":"publish","type":"page","link":"https:\/\/visualfachadas.servicos.top\/servicos-visual\/acompanhe-sua-obra\/","title":{"rendered":"Acompanhe Seu servi\u00e7o de Comunica\u00e7\u00e3o Visual"},"content":{"rendered":"\n<h2 class=\"wp-block-heading has-text-align-center\">Acompanhe Seu servi\u00e7o de Comunica\u00e7\u00e3o Visual<\/h2>\n\n\n\n<div class=\"roosis-client-tracker-wrapper\">\n\n            <!-- Estado: Nenhum token fornecido -->\n        <div class=\"roosis-tracker-no-token\">\n            <div class=\"roosis-tracker-icon-big\">\ud83d\udd0d<\/div>\n            <h2>Acompanhe Seu Servi\u00e7o<\/h2>\n            <p>Insira o c\u00f3digo de rastreamento que voc\u00ea recebeu por WhatsApp ou e-mail para acompanhar o status do seu servi\u00e7o em tempo real.<\/p>\n            <form class=\"roosis-tracker-search-form\" method=\"GET\">\n                <div class=\"roosis-tracker-search-group\">\n                    <input\n                        type=\"text\"\n                        name=\"token\"\n                        class=\"roosis-tracker-input\"\n                        placeholder=\"Ex: aB3xK9mQ7p2Z\"\n                        maxlength=\"20\"\n                        required\n                    \/>\n                    <button type=\"submit\" class=\"roosis-btn-track\">\n                        <span>\ud83d\udd0e<\/span> Rastrear Servi\u00e7o\n                    <\/button>\n                <\/div>\n            <\/form>\n        <\/div>\n\n    \n<\/div><!-- .roosis-client-tracker-wrapper -->\n\n\n\n<p><\/p>\n","protected":false},"excerpt":{"rendered":"<p>P\u00e1gina p\u00fablica de rastreamento de servi\u00e7o para clientes finais via token \u00fanico<\/p>\n","protected":false},"author":2,"featured_media":0,"parent":0,"menu_order":0,"comment_status":"closed","ping_status":"closed","template":"","meta":{"footnotes":""},"class_list":["post-18","page","type-page","status-publish","hentry","wpbf-post"],"_hostinger_reach_plugin_has_subscription_block":false,"_hostinger_reach_plugin_is_elementor":false,"_links":{"self":[{"href":"https:\/\/visualfachadas.servicos.top\/servicos-visual\/wp-json\/wp\/v2\/pages\/18","targetHints":{"allow":["GET"]}}],"collection":[{"href":"https:\/\/visualfachadas.servicos.top\/servicos-visual\/wp-json\/wp\/v2\/pages"}],"about":[{"href":"https:\/\/visualfachadas.servicos.top\/servicos-visual\/wp-json\/wp\/v2\/types\/page"}],"author":[{"embeddable":true,"href":"https:\/\/visualfachadas.servicos.top\/servicos-visual\/wp-json\/wp\/v2\/users\/2"}],"replies":[{"embeddable":true,"href":"https:\/\/visualfachadas.servicos.top\/servicos-visual\/wp-json\/wp\/v2\/comments?post=18"}],"version-history":[{"count":2,"href":"https:\/\/visualfachadas.servicos.top\/servicos-visual\/wp-json\/wp\/v2\/pages\/18\/revisions"}],"predecessor-version":[{"id":53,"href":"https:\/\/visualfachadas.servicos.top\/servicos-visual\/wp-json\/wp\/v2\/pages\/18\/revisions\/53"}],"wp:attachment":[{"href":"https:\/\/visualfachadas.servicos.top\/servicos-visual\/wp-json\/wp\/v2\/media?parent=18"}],"curies":[{"name":"wp","href":"https:\/\/api.w.org\/{rel}","templated":true}]}}