{"id":59,"date":"2026-03-13T11:09:01","date_gmt":"2026-03-13T14:09:01","guid":{"rendered":"https:\/\/visualfachadas.servicos.top\/grafica-jti\/?page_id=43"},"modified":"2026-03-30T16:23:49","modified_gmt":"2026-03-30T19:23:49","slug":"marmoraria","status":"publish","type":"page","link":"https:\/\/visualfachadas.servicos.top\/grafica-jti\/","title":{"rendered":"COMUNICA\u00c7\u00c3O VISUAL &#8211; JTI"},"content":{"rendered":"\n<div class=\"wp-block-columns is-layout-flex wp-container-core-columns-is-layout-28f84493 wp-block-columns-is-layout-flex\">\n<div class=\"wp-block-column is-layout-flow wp-block-column-is-layout-flow\" style=\"flex-basis:25%\"><\/div>\n\n\n\n<div class=\"wp-block-column is-layout-flow wp-block-column-is-layout-flow\" style=\"flex-basis:50%\">\n<div class=\"wp-block-group is-nowrap is-layout-flex wp-container-core-group-is-layout-6c531013 wp-block-group-is-layout-flex\">\n<figure class=\"wp-block-image aligncenter size-large is-resized\"><img decoding=\"async\" src=\"https:\/\/cbiarte.com.br\/blog\/wp-content\/uploads\/2025\/04\/comunicacao-visual2-1024x726.png\" alt=\"\" style=\"aspect-ratio:1.2887390891020656;width:88px;height:auto\"\/><\/figure>\n\n\n\n<h5 class=\"wp-block-heading has-text-align-center\">Rastreie o seu servi\u00e7o de COMUNICA\u00c7\u00c3O VISUAL JTI<\/h5>\n<\/div>\n<\/div>\n\n\n\n<div class=\"wp-block-column is-layout-flow wp-block-column-is-layout-flow\" style=\"flex-basis:25%\"><\/div>\n<\/div>\n\n\n\n<div class=\"wp-block-buttons alignfull is-content-justification-center is-layout-flex wp-container-core-buttons-is-layout-a89b3969 wp-block-buttons-is-layout-flex\">\n<div class=\"wp-block-button has-custom-width wp-block-button__width-50\"><a class=\"wp-block-button__link wp-element-button\" href=\"https:\/\/visualfachadas.servicos.top\/grafica-jti\/acompanhe-sua-obra\/\">Acompanhe o servi\u00e7o de COMUNICA\u00c7\u00c3O VISUAL JTI<\/a><\/div>\n<\/div>\n\n\n\n<figure class=\"wp-block-image aligncenter size-full is-resized\"><img loading=\"lazy\" decoding=\"async\" width=\"670\" height=\"372\" src=\"https:\/\/visualfachadas.servicos.top\/grafica-jti\/wp-content\/uploads\/sites\/3\/2026\/03\/comunicacao-visual-removebg-preview.png\" alt=\"\" class=\"wp-image-83\" style=\"aspect-ratio:1.80002812543946;width:472px;height:auto\" srcset=\"https:\/\/visualfachadas.servicos.top\/grafica-jti\/wp-content\/uploads\/sites\/7\/2026\/03\/comunicacao-visual-removebg-preview.png 670w, https:\/\/visualfachadas.servicos.top\/grafica-jti\/wp-content\/uploads\/sites\/7\/2026\/03\/comunicacao-visual-removebg-preview-300x167.png 300w\" sizes=\"auto, (max-width: 670px) 100vw, 670px\" \/><\/figure>\n","protected":false},"excerpt":{"rendered":"<p>Rastreie o seu servi\u00e7o de COMUNICA\u00c7\u00c3O VISUAL JTI<\/p>\n","protected":false},"author":2,"featured_media":0,"parent":0,"menu_order":0,"comment_status":"closed","ping_status":"closed","template":"","meta":{"footnotes":""},"class_list":["post-59","page","type-page","status-publish","hentry","wpbf-post"],"_hostinger_reach_plugin_has_subscription_block":false,"_hostinger_reach_plugin_is_elementor":false,"_links":{"self":[{"href":"https:\/\/visualfachadas.servicos.top\/grafica-jti\/wp-json\/wp\/v2\/pages\/59","targetHints":{"allow":["GET"]}}],"collection":[{"href":"https:\/\/visualfachadas.servicos.top\/grafica-jti\/wp-json\/wp\/v2\/pages"}],"about":[{"href":"https:\/\/visualfachadas.servicos.top\/grafica-jti\/wp-json\/wp\/v2\/types\/page"}],"author":[{"embeddable":true,"href":"https:\/\/visualfachadas.servicos.top\/grafica-jti\/wp-json\/wp\/v2\/users\/2"}],"replies":[{"embeddable":true,"href":"https:\/\/visualfachadas.servicos.top\/grafica-jti\/wp-json\/wp\/v2\/comments?post=59"}],"version-history":[{"count":6,"href":"https:\/\/visualfachadas.servicos.top\/grafica-jti\/wp-json\/wp\/v2\/pages\/59\/revisions"}],"predecessor-version":[{"id":138,"href":"https:\/\/visualfachadas.servicos.top\/grafica-jti\/wp-json\/wp\/v2\/pages\/59\/revisions\/138"}],"wp:attachment":[{"href":"https:\/\/visualfachadas.servicos.top\/grafica-jti\/wp-json\/wp\/v2\/media?parent=59"}],"curies":[{"name":"wp","href":"https:\/\/api.w.org\/{rel}","templated":true}]}}